{"id":268,"date":"2018-08-22T11:37:06","date_gmt":"2018-08-22T11:37:06","guid":{"rendered":"https:\/\/saveurs-dasie.be\/?page_id=268"},"modified":"2026-01-23T22:08:23","modified_gmt":"2026-01-23T21:08:23","slug":"home","status":"publish","type":"page","link":"https:\/\/www.sakuracm.be\/fr\/","title":{"rendered":"home"},"content":{"rendered":"\n\n  <div class=\"banner has-hover\" id=\"banner-1617598886\">\n          <div class=\"banner-inner fill\">\n        <div class=\"banner-bg fill\" >\n            <img loading=\"lazy\" decoding=\"async\" width=\"600\" height=\"600\" src=\"https:\/\/pics.orderandeat.eu\/wp-content\/uploads\/2022\/03\/28102558\/PLATEAU-mix.png\" class=\"bg attachment-original size-original\" alt=\"\" \/>                        <div class=\"overlay\"><\/div>            \n\t<div class=\"is-border\"\n\t\tstyle=\"border-color:rgb(255, 255, 255);border-width:0px 0px 0px 0px;\">\n\t<\/div>\n            <div class=\"effect-sparkle bg-effect fill no-click\"><\/div>        <\/div>\n\t\t\n        <div class=\"banner-layers container\">\n            <div class=\"fill banner-link\"><\/div>            \n\n   <div id=\"text-box-1385935441\" class=\"text-box banner-layer x50 md-x50 lg-x50 y50 md-y50 lg-y50 res-text\">\n                     <div data-animate=\"none\">           <div class=\"text-box-content text dark\">\n              \n              <div class=\"text-inner text-center\">\n                  \n\n<div id=\"qrinditxtcontainer\">\n<h4 class=\"uppercase\">\u00a0<\/h4>\n<p><strong>\ud83c\udfe0 Leuvensesteenweg 179, 1932 Zaventem<\/strong><\/p>\n<p><strong>\u260e\ufe0f 02\/721.96.48<br \/>\ud83d\udcf1 0466092552<\/strong><\/p>\n<\/div>\n<a href=\"#openinghours\" class=\"button primary is-bevel is-small\"  >\n\t<i class=\"icon-clock\" aria-hidden=\"true\" ><\/i>\t<span>Horaires d'ouvertures<\/span>\n\t<\/a>\n\n\n\n              <\/div>\n           <\/div>\n       <\/div>                     \n<style>\n#text-box-1385935441 .text-inner {\n  padding: 10px 10px 10px 10px;\n}\n#text-box-1385935441 {\n  width: 100%;\n}\n#text-box-1385935441 .text-box-content {\n  font-size: 100%;\n}\n@media (min-width:550px) {\n  #text-box-1385935441 {\n    width: 100%;\n  }\n}\n<\/style>\n    <\/div>\n \n\n        <\/div>\n      <\/div>\n\n            \n<style>\n#banner-1617598886 {\n  padding-top: 223px;\n}\n#banner-1617598886 .overlay {\n  background-color: rgba(0, 0, 0, 0.314);\n}\n#banner-1617598886 .banner-bg img {\n  object-position: 37% 33%;\n}\n@media (min-width:550px) {\n  #banner-1617598886 {\n    padding-top: 250px;\n  }\n}\n@media (min-width:850px) {\n  #banner-1617598886 {\n    padding-top: 357px;\n  }\n}\n<\/style>\n  <\/div>\n\n\n\n\t<section class=\"section\" id=\"section_1376688737\">\n\t\t<div class=\"section-bg fill\" >\n\t\t\t<img loading=\"lazy\" decoding=\"async\" width=\"1828\" height=\"977\" src=\"https:\/\/pics.orderandeat.eu\/wp-content\/uploads\/2022\/04\/28102614\/21987-%E8%BD%AC%E6%8D%A2.png\" class=\"bg attachment-original size-original\" alt=\"\" \/>\t\t\t\t\t\t\n\t\t\t\n\n\t\t<\/div>\n\n\t\t\n\n\t\t<div class=\"section-content relative\">\n\t\t\t\n\n<div class=\"row row-collapse row-full-width align-center notification-container-asiacuisine\"  id=\"row-1267635244\">\n\n\n\t<div id=\"col-412675583\" class=\"col small-12 large-12\"  >\n\t\t\t\t<div class=\"col-inner text-center dark\"  >\n\t\t\t\n\t\t\t\n\n<p style=\"margin-bottom:0\"><span class=\"retrieved-notification\" style=\"background-color: rgba(0,0,0,0.6); display:inline-block; padding:3px 15px; font-size:16px; font-weight:bold;\"><\/span><\/p>\n\n\t\t<\/div>\n\t\t\t\t\t<\/div>\n\n\t\n\n<\/div>\n<div class=\"row row-collapse align-middle align-center\"  id=\"row-1522568533\">\n\n\n\t<div id=\"col-978715133\" class=\"col small-12 large-12\"  >\n\t\t\t\t<div class=\"col-inner text-center\"  >\n\t\t\t\n\t\t\t\n\n<span class=\"scroll-to\" data-label=\"Scroll to: #sushi\" data-bullet=\"false\" data-link=\"#sushi\" data-title=\"sushi\" ><a name=\"sushi\"><\/a><\/span>\n\n\n\t<div id=\"text-3964543123\" class=\"text\">\n\t\t\n\n<h5 class=\"uppercase\" style=\"text-align: center;\"><span style=\"color: #ffff00;\">Chers clients,<\/span><\/h5>\n<h5 class=\"uppercase\" style=\"text-align: center;\"><span style=\"color: #ffff00;\">\ud83c\udf81 \ud83c\udf81 \ud83c\udf81 Si le montant des d\u00e9penses d\u00e9passe 40 euros, une r\u00e9duction de 10 % est appliqu\u00e9e directement sur le prix total.<\/span><\/h5>\n<h5 class=\"uppercase\" style=\"text-align: center;\"><span style=\"color: #ffff00;\">SAKURA ZAVENTEM<\/span><\/h5>\n\n\t\t\n<style>\n#text-3964543123 {\n  text-align: center;\n}\n<\/style>\n\t<\/div>\n\t\n\t<div id=\"gap-540599424\" class=\"gap-element clearfix\" style=\"display:block; height:auto;\">\n\t\t\n<style>\n#gap-540599424 {\n  padding-top: 40px;\n}\n<\/style>\n\t<\/div>\n\t\n\n<h2 data-animate-delay=\"200\"><span data-text-color=\"primary\"><strong><span style=\"font-size: 120%;\">TAKE AWAY<\/span><\/strong><\/span><\/h2>\n<p><img loading=\"lazy\" decoding=\"async\" class=\"wp-image-7942 aligncenter\" src=\"https:\/\/pics.orderandeat.eu\/wp-content\/uploads\/2022\/08\/02115437\/37.png\" alt=\"\" width=\"147\" height=\"27\" \/><\/p>\n\t<div id=\"gap-751817113\" class=\"gap-element clearfix\" style=\"display:block; height:auto;\">\n\t\t\n<style>\n#gap-751817113 {\n  padding-top: 7px;\n}\n@media (min-width:550px) {\n  #gap-751817113 {\n    padding-top: 40px;\n  }\n}\n<\/style>\n\t<\/div>\n\t\n\n<div class=\"row row-full-width align-center\"  id=\"row-579525133\">\n\n\n\t<div id=\"col-1154637579\" class=\"col medium-2 small-6 large-2\"  >\n\t\t\t\t<div class=\"col-inner\"  >\n\t\t\t\n\t\t\t\n\n    <div class=\"box has-hover has-hover box-text-bottom\" >\n\n         <a href=\"https:\/\/www.sakuracm.be\/fr\/sushi\/\" >         <div class=\"box-image \" >\n           <div class=\"box-image-inner image-cover\" style=\"padding-top:116%;\">\n              <img loading=\"lazy\" decoding=\"async\" width=\"566\" height=\"600\" src=\"https:\/\/pics.orderandeat.eu\/wp-content\/uploads\/2024\/06\/18133909\/sushi.png\" class=\"attachment- size-\" alt=\"\" \/>                         <\/div>\n          <\/div>\n         <\/a>\n          <div class=\"box-text text-center\" >\n                <div class=\"box-text-inner\">\n                  <h4 class=\"uppercase\">\n                    <span class=\"person-name\">SUSHI<\/span><br\/>\n                    <span class=\"person-title is-small thin-font op-7\">\n                                          <\/span>\n                  <\/h4>\n\t\t\t\t\t\n\n\n                <\/div>\n          <\/div>\n    <\/div>\n\n\t\n    \n\n\t\t<\/div>\n\t\t\t\t\t<\/div>\n\n\t\n\n\t<div id=\"col-2088209882\" class=\"col medium-2 small-6 large-2\"  >\n\t\t\t\t<div class=\"col-inner\"  >\n\t\t\t\n\t\t\t\n\n    <div class=\"box has-hover has-hover box-text-bottom\" >\n\n         <a href=\"https:\/\/www.sakuracm.be\/fr\/chinois\/\" >         <div class=\"box-image \" >\n           <div class=\"box-image-inner image-cover\" style=\"padding-top:116%;\">\n              <img loading=\"lazy\" decoding=\"async\" width=\"566\" height=\"600\" src=\"https:\/\/pics.orderandeat.eu\/wp-content\/uploads\/2024\/06\/18134004\/chinois.png\" class=\"attachment- size-\" alt=\"\" \/>                         <\/div>\n          <\/div>\n         <\/a>\n          <div class=\"box-text text-center\" >\n                <div class=\"box-text-inner\">\n                  <h4 class=\"uppercase\">\n                    <span class=\"person-name\">CHINOIS<\/span><br\/>\n                    <span class=\"person-title is-small thin-font op-7\">\n                                          <\/span>\n                  <\/h4>\n\t\t\t\t\t\n\n\n                <\/div>\n          <\/div>\n    <\/div>\n\n\t\n    \n\n\t\t<\/div>\n\t\t\t\t\t<\/div>\n\n\t\n\n\t<div id=\"col-1326849940\" class=\"col medium-2 small-6 large-2\"  >\n\t\t\t\t<div class=\"col-inner\"  >\n\t\t\t\n\t\t\t\n\n    <div class=\"box has-hover has-hover box-text-bottom\" >\n\n         <a href=\"https:\/\/www.sakuracm.be\/fr\/korean\/\" >         <div class=\"box-image \" >\n           <div class=\"box-image-inner image-cover\" style=\"padding-top:116%;\">\n              <img loading=\"lazy\" decoding=\"async\" width=\"566\" height=\"600\" src=\"https:\/\/pics.orderandeat.eu\/wp-content\/uploads\/2024\/06\/18133945\/fried-chicken.png\" class=\"attachment- size-\" alt=\"\" \/>                         <\/div>\n          <\/div>\n         <\/a>\n          <div class=\"box-text text-center\" >\n                <div class=\"box-text-inner\">\n                  <h4 class=\"uppercase\">\n                    <span class=\"person-name\">KOREAN FRIED CHICKEN<\/span><br\/>\n                    <span class=\"person-title is-small thin-font op-7\">\n                                          <\/span>\n                  <\/h4>\n\t\t\t\t\t\n\n\n                <\/div>\n          <\/div>\n    <\/div>\n\n\t\n    \n\n\t\t<\/div>\n\t\t\t\t\t<\/div>\n\n\t\n\n\t<div id=\"col-165769610\" class=\"col medium-2 small-6 large-2\"  >\n\t\t\t\t<div class=\"col-inner\"  >\n\t\t\t\n\t\t\t\n\n    <div class=\"box has-hover has-hover box-text-bottom\" >\n\n         <a href=\"https:\/\/www.sakuracm.be\/fr\/ramen\/\" >         <div class=\"box-image \" >\n           <div class=\"box-image-inner image-cover\" style=\"padding-top:116%;\">\n              <img loading=\"lazy\" decoding=\"async\" width=\"566\" height=\"600\" src=\"https:\/\/pics.orderandeat.eu\/wp-content\/uploads\/2024\/06\/18133927\/ramen.png\" class=\"attachment- size-\" alt=\"\" \/>                         <\/div>\n          <\/div>\n         <\/a>\n          <div class=\"box-text text-center\" >\n                <div class=\"box-text-inner\">\n                  <h4 class=\"uppercase\">\n                    <span class=\"person-name\">RAMEN<\/span><br\/>\n                    <span class=\"person-title is-small thin-font op-7\">\n                                          <\/span>\n                  <\/h4>\n\t\t\t\t\t\n\n\n                <\/div>\n          <\/div>\n    <\/div>\n\n\t\n    \n\n\t\t<\/div>\n\t\t\t\t\t<\/div>\n\n\t\n\n\t<div id=\"col-76644001\" class=\"col medium-2 small-6 large-2\"  >\n\t\t\t\t<div class=\"col-inner\"  >\n\t\t\t\n\t\t\t\n\n    <div class=\"box has-hover has-hover box-text-bottom\" >\n\n         <a href=\"https:\/\/www.sakuracm.be\/fr\/boissons\/\" >         <div class=\"box-image \" >\n           <div class=\"box-image-inner image-cover\" style=\"padding-top:116%;\">\n              <img loading=\"lazy\" decoding=\"async\" width=\"566\" height=\"600\" src=\"https:\/\/pics.orderandeat.eu\/wp-content\/uploads\/2024\/06\/19121219\/boisson.png\" class=\"attachment- size-\" alt=\"\" \/>                         <\/div>\n          <\/div>\n         <\/a>\n          <div class=\"box-text text-center\" >\n                <div class=\"box-text-inner\">\n                  <h4 class=\"uppercase\">\n                    <span class=\"person-name\">BOISSONS<\/span><br\/>\n                    <span class=\"person-title is-small thin-font op-7\">\n                                          <\/span>\n                  <\/h4>\n\t\t\t\t\t\n\n\n                <\/div>\n          <\/div>\n    <\/div>\n\n\t\n    \n\n\t\t<\/div>\n\t\t\t\t\t<\/div>\n\n\t\n\n<\/div>\n\n\t\t<\/div>\n\t\t\t\t\t<\/div>\n\n\t\n\n<\/div>\n\t<div id=\"gap-1405446057\" class=\"gap-element clearfix\" style=\"display:block; height:auto;\">\n\t\t\n<style>\n#gap-1405446057 {\n  padding-top: 3px;\n}\n@media (min-width:550px) {\n  #gap-1405446057 {\n    padding-top: 30px;\n  }\n}\n<\/style>\n\t<\/div>\n\t\n\n\n  <div class=\"banner has-hover has-parallax\" id=\"banner-2000551283\">\n          <div class=\"banner-inner fill\">\n        <div class=\"banner-bg fill\" data-parallax=\"-10\" data-parallax-container=\".banner\" data-parallax-background>\n            <img loading=\"lazy\" decoding=\"async\" width=\"768\" height=\"1024\" src=\"https:\/\/pics.orderandeat.eu\/wp-content\/uploads\/2024\/06\/26162903\/slider1-768x1024.jpg\" class=\"bg attachment-large size-large\" alt=\"\" \/>                                    \n                    <\/div>\n\t\t\n        <div class=\"banner-layers container\">\n            <div class=\"fill banner-link\"><\/div>            \n\n   <div id=\"text-box-36086676\" class=\"text-box banner-layer x50 md-x50 lg-x50 y50 md-y50 lg-y50 res-text\">\n                                <div class=\"text-box-content text dark\">\n              \n              <div class=\"text-inner text-center\">\n                  \n\n<h3 class=\"uppercase\"><span data-text-color=\"primary\">Notre concept<\/span><\/h3>\n<p>Le restaurant Sakura est un restaurant g\u00e9n\u00e9raliste proposant non seulement des saveurs japonaises particuli\u00e8res, mais \u00e9galement divers sashimis frais, sushis exquis et makis sushis croustillants.<\/p>\n<p>Notre chef vous propose des pr\u00e9parations raffin\u00e9es, originales et tr\u00e8s fra\u00eeches. Laissez-vous s\u00e9duire par la carte et voyagez \u00e0 travers des plats soigneusement pr\u00e9par\u00e9s au c\u0153ur du Japon.<\/p>\n<p>Vos commandes en ligne seront trait\u00e9es dans les plus brefs d\u00e9lais et vous pourrez vous faire livrer en toute confiance.<\/p>\n<p>Le restaurant vous accueille dans une ambiance chaleureuse avec une d\u00e9coration soign\u00e9e.<\/p>\n<p><span style=\"color: #ffff00;\">Nous sommes ouvert uniquement le week-end en salle avec r\u00e9servation. <\/span><br \/><span style=\"color: #ffff00;\">pendant la semaine\u00a0 \u00a0 uniquement emporter ou livraison \u00e0 domicile<br \/>Vous pouvez commander maximum 3 service par services 5 articles par personne.<br \/><\/span><\/p>\n\n              <\/div>\n           <\/div>\n                            \n<style>\n#text-box-36086676 .text-box-content {\n  background-color: rgba(0, 0, 0, 0.779);\n  font-size: 100%;\n}\n#text-box-36086676 .text-inner {\n  padding: 20px 20px 20px 20px;\n}\n#text-box-36086676 {\n  width: 90%;\n}\n<\/style>\n    <\/div>\n \n\n        <\/div>\n      <\/div>\n\n            \n<style>\n#banner-2000551283 {\n  padding-top: 462px;\n  background-color: rgb(47, 47, 47);\n}\n<\/style>\n  <\/div>\n\n\n\n<div class=\"row\"  id=\"row-409430783\">\n\n\n\t<div id=\"col-1226070118\" class=\"col small-12 large-12\"  >\n\t\t\t\t<div class=\"col-inner\"  >\n\t\t\t\n\t\t\t\n\n\t<div id=\"gap-1452452210\" class=\"gap-element clearfix\" style=\"display:block; height:auto;\">\n\t\t\n<style>\n#gap-1452452210 {\n  padding-top: 30px;\n}\n<\/style>\n\t<\/div>\n\t\n\n<div class=\"container section-title-container\" ><h1 class=\"section-title section-title-bold-center\"><b><\/b><span class=\"section-title-main\" style=\"color:rgb(226, 128, 163);\">Galerie<\/span><b><\/b><\/h1><\/div>\n\n\n  \n    <div class=\"row large-columns-3 medium-columns- small-columns-2\" >\n  <div class=\"gallery-col col\" >\n          <div class=\"col-inner\">\n            <a class=\"image-lightbox lightbox-gallery\" href=\"https:\/\/pics.orderandeat.eu\/wp-content\/uploads\/2024\/06\/20140847\/Image1-1024x768-1.jpg\" title=\"\">            <div class=\"box has-hover gallery-box box-shade dark\">\n              <div class=\"box-image image-cover\" style=\"padding-top:100%;\">\n                <img loading=\"lazy\" decoding=\"async\" width=\"300\" height=\"225\" src=\"https:\/\/pics.orderandeat.eu\/wp-content\/uploads\/2024\/06\/20140847\/Image1-1024x768-1-300x225.jpg\" class=\"attachment-medium size-medium\" alt=\"\" ids=\"14787,14789,14793,15422,15424,15428\" style=\"shade\" columns=\"3\" image_height=\"100%\" \/>                                                  <div class=\"shade\"><\/div>\n                                              <\/div>\n              <div class=\"box-text text-left\" >\n                 <p><\/p>\n              <\/div>\n            <\/div>\n            <\/a>          <\/div>\n         <\/div><div class=\"gallery-col col\" >\n          <div class=\"col-inner\">\n            <a class=\"image-lightbox lightbox-gallery\" href=\"https:\/\/pics.orderandeat.eu\/wp-content\/uploads\/2024\/06\/20140849\/Image2-768x1024-1.jpg\" title=\"\">            <div class=\"box has-hover gallery-box box-shade dark\">\n              <div class=\"box-image image-cover\" style=\"padding-top:100%;\">\n                <img loading=\"lazy\" decoding=\"async\" width=\"225\" height=\"300\" src=\"https:\/\/pics.orderandeat.eu\/wp-content\/uploads\/2024\/06\/20140849\/Image2-768x1024-1-225x300.jpg\" class=\"attachment-medium size-medium\" alt=\"\" ids=\"14787,14789,14793,15422,15424,15428\" style=\"shade\" columns=\"3\" image_height=\"100%\" \/>                                                  <div class=\"shade\"><\/div>\n                                              <\/div>\n              <div class=\"box-text text-left\" >\n                 <p><\/p>\n              <\/div>\n            <\/div>\n            <\/a>          <\/div>\n         <\/div><div class=\"gallery-col col\" >\n          <div class=\"col-inner\">\n            <a class=\"image-lightbox lightbox-gallery\" href=\"https:\/\/pics.orderandeat.eu\/wp-content\/uploads\/2024\/06\/20140853\/slider2-1-1024x1024.jpg\" title=\"\">            <div class=\"box has-hover gallery-box box-shade dark\">\n              <div class=\"box-image image-cover\" style=\"padding-top:100%;\">\n                <img loading=\"lazy\" decoding=\"async\" width=\"300\" height=\"300\" src=\"https:\/\/pics.orderandeat.eu\/wp-content\/uploads\/2024\/06\/20140853\/slider2-1-300x300.jpg\" class=\"attachment-medium size-medium\" alt=\"\" ids=\"14787,14789,14793,15422,15424,15428\" style=\"shade\" columns=\"3\" image_height=\"100%\" \/>                                                  <div class=\"shade\"><\/div>\n                                              <\/div>\n              <div class=\"box-text text-left\" >\n                 <p><\/p>\n              <\/div>\n            <\/div>\n            <\/a>          <\/div>\n         <\/div><div class=\"gallery-col col\" >\n          <div class=\"col-inner\">\n            <a class=\"image-lightbox lightbox-gallery\" href=\"https:\/\/pics.orderandeat.eu\/wp-content\/uploads\/2024\/06\/26162901\/sakura-photo8.jpg\" title=\"\">            <div class=\"box has-hover gallery-box box-shade dark\">\n              <div class=\"box-image image-cover\" style=\"padding-top:100%;\">\n                <img loading=\"lazy\" decoding=\"async\" width=\"300\" height=\"225\" src=\"https:\/\/pics.orderandeat.eu\/wp-content\/uploads\/2024\/06\/26162901\/sakura-photo8-300x225.jpg\" class=\"attachment-medium size-medium\" alt=\"\" ids=\"14787,14789,14793,15422,15424,15428\" style=\"shade\" columns=\"3\" image_height=\"100%\" \/>                                                  <div class=\"shade\"><\/div>\n                                              <\/div>\n              <div class=\"box-text text-left\" >\n                 <p><\/p>\n              <\/div>\n            <\/div>\n            <\/a>          <\/div>\n         <\/div><div class=\"gallery-col col\" >\n          <div class=\"col-inner\">\n            <a class=\"image-lightbox lightbox-gallery\" href=\"https:\/\/pics.orderandeat.eu\/wp-content\/uploads\/2024\/06\/26162903\/slider1-768x1024.jpg\" title=\"\">            <div class=\"box has-hover gallery-box box-shade dark\">\n              <div class=\"box-image image-cover\" style=\"padding-top:100%;\">\n                <img loading=\"lazy\" decoding=\"async\" width=\"225\" height=\"300\" src=\"https:\/\/pics.orderandeat.eu\/wp-content\/uploads\/2024\/06\/26162903\/slider1-225x300.jpg\" class=\"attachment-medium size-medium\" alt=\"\" ids=\"14787,14789,14793,15422,15424,15428\" style=\"shade\" columns=\"3\" image_height=\"100%\" \/>                                                  <div class=\"shade\"><\/div>\n                                              <\/div>\n              <div class=\"box-text text-left\" >\n                 <p><\/p>\n              <\/div>\n            <\/div>\n            <\/a>          <\/div>\n         <\/div><div class=\"gallery-col col\" >\n          <div class=\"col-inner\">\n            <a class=\"image-lightbox lightbox-gallery\" href=\"https:\/\/pics.orderandeat.eu\/wp-content\/uploads\/2024\/06\/26162910\/slider4-1-1024x1024.jpg\" title=\"\">            <div class=\"box has-hover gallery-box box-shade dark\">\n              <div class=\"box-image image-cover\" style=\"padding-top:100%;\">\n                <img loading=\"lazy\" decoding=\"async\" width=\"300\" height=\"300\" src=\"https:\/\/pics.orderandeat.eu\/wp-content\/uploads\/2024\/06\/26162910\/slider4-1-300x300.jpg\" class=\"attachment-medium size-medium\" alt=\"\" ids=\"14787,14789,14793,15422,15424,15428\" style=\"shade\" columns=\"3\" image_height=\"100%\" \/>                                                  <div class=\"shade\"><\/div>\n                                              <\/div>\n              <div class=\"box-text text-left\" >\n                 <p><\/p>\n              <\/div>\n            <\/div>\n            <\/a>          <\/div>\n         <\/div><\/div>\n\n\n\t\t<\/div>\n\t\t\t\t\t<\/div>\n\n\t\n\n<\/div>\n\t<div id=\"gap-1717055294\" class=\"gap-element clearfix\" style=\"display:block; height:auto;\">\n\t\t\n<style>\n#gap-1717055294 {\n  padding-top: 128px;\n}\n<\/style>\n\t<\/div>\n\t\n\n\n\t\t<\/div>\n\n\t\t\n<style>\n#section_1376688737 {\n  padding-top: 30px;\n  padding-bottom: 30px;\n  background-color: rgb(6, 6, 6);\n}\n#section_1376688737 .section-bg img {\n  object-position: 50% 60%;\n}\n<\/style>\n\t<\/section>\n\t\n\n","protected":false},"excerpt":{"rendered":"","protected":false},"author":1,"featured_media":0,"parent":0,"menu_order":0,"comment_status":"closed","ping_status":"closed","template":"page-blank.php","meta":{"footnotes":""},"class_list":["post-268","page","type-page","status-publish","hentry"],"_links":{"self":[{"href":"https:\/\/www.sakuracm.be\/fr\/wp-json\/wp\/v2\/pages\/268","targetHints":{"allow":["GET"]}}],"collection":[{"href":"https:\/\/www.sakuracm.be\/fr\/wp-json\/wp\/v2\/pages"}],"about":[{"href":"https:\/\/www.sakuracm.be\/fr\/wp-json\/wp\/v2\/types\/page"}],"author":[{"embeddable":true,"href":"https:\/\/www.sakuracm.be\/fr\/wp-json\/wp\/v2\/users\/1"}],"replies":[{"embeddable":true,"href":"https:\/\/www.sakuracm.be\/fr\/wp-json\/wp\/v2\/comments?post=268"}],"version-history":[{"count":400,"href":"https:\/\/www.sakuracm.be\/fr\/wp-json\/wp\/v2\/pages\/268\/revisions"}],"predecessor-version":[{"id":18197,"href":"https:\/\/www.sakuracm.be\/fr\/wp-json\/wp\/v2\/pages\/268\/revisions\/18197"}],"wp:attachment":[{"href":"https:\/\/www.sakuracm.be\/fr\/wp-json\/wp\/v2\/media?parent=268"}],"curies":[{"name":"wp","href":"https:\/\/api.w.org\/{rel}","templated":true}]}}